{"id":2854,"date":"2019-06-26T18:47:47","date_gmt":"2019-06-26T18:47:47","guid":{"rendered":"https:\/\/dbblaw.be\/?page_id=2854"},"modified":"2024-01-16T08:05:47","modified_gmt":"2024-01-16T08:05:47","slug":"sandrine-doise","status":"publish","type":"page","link":"https:\/\/dbblaw.be\/fr\/sandrine-doise\/","title":{"rendered":"Sandrine Doise"},"content":{"rendered":"<p><div class=\"fusion-fullwidth fullwidth-box fusion-builder-row-1 nonhundred-percent-fullwidth non-hundred-percent-height-scrolling\" style=\"--awb-background-position:left top;--awb-border-radius-top-left:0px;--awb-border-radius-top-right:0px;--awb-border-radius-bottom-right:0px;--awb-border-radius-bottom-left:0px;--awb-padding-top:70px;--awb-padding-bottom:40px;--awb-background-color:#f5f5f5;--awb-border-sizes-top:0px;--awb-border-sizes-bottom:0px;--awb-flex-wrap:wrap;\" ><div class=\"fusion-builder-row fusion-row\"><div class=\"fusion-layout-column fusion_builder_column fusion-builder-column-0 fusion_builder_column_1_4 1_4 fusion-one-fourth fusion-column-first\" style=\"--awb-bg-size:cover;width:25%;width:calc(25% - ( ( 4% ) * 0.25 ) );margin-right: 4%;\"><div class=\"fusion-column-wrapper fusion-flex-column-wrapper-legacy\"><div class=\"fusion-image-element in-legacy-container\" style=\"--awb-caption-title-font-family:var(--h2_typography-font-family);--awb-caption-title-font-weight:var(--h2_typography-font-weight);--awb-caption-title-font-style:var(--h2_typography-font-style);--awb-caption-title-size:var(--h2_typography-font-size);--awb-caption-title-transform:var(--h2_typography-text-transform);--awb-caption-title-line-height:var(--h2_typography-line-height);--awb-caption-title-letter-spacing:var(--h2_typography-letter-spacing);\"><span class=\" fusion-imageframe imageframe-none imageframe-1 hover-type-none\"><img decoding=\"async\" width=\"450\" height=\"450\" title=\"Sandrine_Doise_BW_450x450\" src=\"http:\/\/dbblaw.be\/wp-content\/uploads\/2019\/03\/Sandrine_Doise_BW_450x450.jpg\" alt class=\"img-responsive wp-image-1790\" srcset=\"https:\/\/dbblaw.be\/wp-content\/uploads\/2019\/03\/Sandrine_Doise_BW_450x450-200x200.jpg 200w, https:\/\/dbblaw.be\/wp-content\/uploads\/2019\/03\/Sandrine_Doise_BW_450x450-400x400.jpg 400w, https:\/\/dbblaw.be\/wp-content\/uploads\/2019\/03\/Sandrine_Doise_BW_450x450.jpg 450w\" sizes=\"(max-width: 850px) 100vw, 400px\" \/><\/span><\/div><div class=\"fusion-clearfix\"><\/div><\/div><\/div><div class=\"fusion-layout-column fusion_builder_column fusion-builder-column-1 fusion_builder_column_3_4 3_4 fusion-three-fourth fusion-column-last\" style=\"--awb-padding-right:4%;--awb-padding-left:4%;--awb-bg-size:cover;width:75%;width:calc(75% - ( ( 4% ) * 0.75 ) );\"><div class=\"fusion-column-wrapper fusion-flex-column-wrapper-legacy\"><div class=\"fusion-title title fusion-title-1 fusion-title-text fusion-title-size-one\" style=\"--awb-margin-bottom:30px;\"><h1 class=\"fusion-title-heading title-heading-left\" style=\"margin:0;\">SANDRINE DOISE<\/h1><span class=\"awb-title-spacer\"><\/span><div class=\"title-sep-container\"><div class=\"title-sep sep- sep-solid\" style=\"border-color:#e0dede;\"><\/div><\/div><\/div><div class=\"fusion-text fusion-text-1\"><p>\u00b0 1985<\/p>\n<h3>Formation<\/h3>\n<p>Licenci\u00e9e traduction fran\u00e7ais-espagnol, HoGent, 2007, grande distinction.<br \/>\nPost-graduat \u00c9tudes Internationales Compl\u00e9mentaires, Universidade de Lisboa, 2008, grande distinction.<br \/>\nMaster en droit, UGent, 2013, grande distinction (comme \u00e9tudiant travailleur).<\/p>\n<h3>Carri\u00e8re<\/h3>\n<h4>2008 &#8211; 2013:<\/h4>\n<p>Collaboratrice service client\u00e8le (Peugeot (T\u00e9l\u00e9performance Portugal) et Volvo IT), collaboratrice service commercial interne (Kappa Data), assistante management (cabinet d\u2019avocats De Smet-De Maere et cabinet d\u2019avocats Haeseryn-Vandermeulen), enseignante cours du soir<\/p>\n<h4>2013 &#8211; aujourd&rsquo;hui:<\/h4>\n<p>avocat au barreau de Gand:<\/p>\n<p>\u2022 2013 &#8211; 2016 : collaboratrice cabinet Luc Ryckaert (Eeklo)<br \/>\n\u2022 2016 \u2013 aujourd\u2019hui : collaboratrice cabinet De Bock &amp; Baluw\u00e9 avocats<\/p>\n<h3>Mati\u00e8res pr\u00e9f\u00e9rentielles<\/h3>\n<ul>\n<li style=\"list-style-type: none;\">\n<ul>\n<li><a href=\"https:\/\/dbblaw.be\/fr\/droit-de-la-distribution-concurrence\/\">Droit de la distribution &amp; Concurrence<\/a><\/li>\n<li><a href=\"https:\/\/dbblaw.be\/fr\/contrats-commerciaux\/\">Contrats commerciaux<\/a><\/li>\n<li><a href=\"https:\/\/dbblaw.be\/fr\/pratiques-du-marche-et-droit-de-propriete-intellectuelle-ip\/\">Pratiques du march\u00e9 et droits de propri\u00e9t\u00e9 intellectuelle (IP)<\/a><\/li>\n<\/ul>\n<\/li>\n<\/ul>\n<p>\u00c9galement inscrite comme traductrice jur\u00e9e fran\u00e7ais-espagnol au Tribunal de premi\u00e8re instance de Gand.<\/p>\n<\/div><div class=\"fusion-clearfix\"><\/div><\/div><\/div><\/div><\/div><div class=\"fusion-bg-parallax\" data-bg-align=\"center bottom\" data-direction=\"left\" data-mute=\"false\" data-opacity=\"100\" data-velocity=\"-0.3\" data-mobile-enabled=\"false\" data-break_parents=\"0\" data-bg-image=\"https:\/\/dbblaw.be\/wp-content\/uploads\/2019\/01\/bgdna.jpg\" data-bg-repeat=\"false\" ><\/div><div class=\"fusion-fullwidth fullwidth-box fusion-builder-row-2 fusion-parallax-left nonhundred-percent-fullwidth non-hundred-percent-height-scrolling\" style=\"--awb-background-position:center bottom;--awb-border-radius-top-left:0px;--awb-border-radius-top-right:0px;--awb-border-radius-bottom-right:0px;--awb-border-radius-bottom-left:0px;--awb-background-image:url(&quot;https:\/\/dbblaw.be\/wp-content\/uploads\/2019\/01\/bgdna.jpg&quot;);--awb-background-size:cover;--awb-flex-wrap:wrap;\" ><div class=\"fusion-builder-row fusion-row\"><div class=\"fusion-layout-column fusion_builder_column fusion-builder-column-2 fusion_builder_column_1_1 1_1 fusion-one-full fusion-column-first fusion-column-last\" style=\"--awb-padding-top:150px;--awb-padding-bottom:150px;--awb-bg-size:cover;\"><div class=\"fusion-column-wrapper fusion-column-has-shadow fusion-flex-column-wrapper-legacy\"><div class=\"fusion-clearfix\"><\/div><\/div><\/div><\/div><\/div>\n<div class=\"fusion-fullwidth fullwidth-box fusion-builder-row-3 nonhundred-percent-fullwidth non-hundred-percent-height-scrolling\" style=\"--awb-border-radius-top-left:0px;--awb-border-radius-top-right:0px;--awb-border-radius-bottom-right:0px;--awb-border-radius-bottom-left:0px;--awb-padding-top:75px;--awb-padding-bottom:75px;--awb-background-color:#cdcbcb;--awb-flex-wrap:wrap;\" id=\"footerlinks\" ><div class=\"fusion-builder-row fusion-row\"><div class=\"fusion-layout-column fusion_builder_column fusion-builder-column-3 fusion_builder_column_1_3 1_3 fusion-one-third fusion-column-first\" style=\"--awb-bg-size:cover;width:33.333333333333%;width:calc(33.333333333333% - ( ( 4% + 4% ) * 0.33333333333333 ) );margin-right: 4%;\"><div class=\"fusion-column-wrapper fusion-column-has-shadow fusion-flex-column-wrapper-legacy\"><div class=\"fusion-text fusion-text-2\"><p><strong>BUREAU<\/strong><\/p>\n<\/div><div class=\"fusion-builder-row fusion-builder-row-inner fusion-row\"><div class=\"fusion-layout-column fusion_builder_column_inner fusion-builder-nested-column-0 fusion_builder_column_inner_1_6 1_6 fusion-one-sixth fusion-column-first\" style=\"--awb-bg-size:cover;width:16.666666666667%;width:calc(16.666666666667% - ( ( 4% ) * 0.16666666666667 ) );margin-right: 4%;\"><div class=\"fusion-column-wrapper fusion-column-has-shadow fusion-flex-column-wrapper-legacy\"><i class=\"fb-icon-element-1 fb-icon-element fontawesome-icon fa-map-marker-alt fas circle-yes fusion-text-flow\" style=\"--awb-circlebordersize:1px;--awb-font-size:28.16px;--awb-width:56.32px;--awb-height:56.32px;--awb-line-height:54.32px;--awb-margin-right:16px;\"><\/i><div class=\"fusion-clearfix\"><\/div><\/div><\/div><div class=\"fusion-layout-column fusion_builder_column_inner fusion-builder-nested-column-1 fusion_builder_column_inner_5_6 5_6 fusion-five-sixth fusion-column-last\" style=\"--awb-bg-size:cover;width:83.333333333333%;width:calc(83.333333333333% - ( ( 4% ) * 0.83333333333333 ) );\"><div class=\"fusion-column-wrapper fusion-column-has-shadow fusion-flex-column-wrapper-legacy\"><div class=\"fusion-text fusion-text-3\"><p>Bureau barreau de Gand<br \/>\nEedstraat 29<br \/>\nB-9810 Eke<\/p>\n<\/div><div class=\"fusion-clearfix\"><\/div><\/div><\/div><\/div><div class=\"fusion-clearfix\"><\/div><\/div><\/div><div class=\"fusion-layout-column fusion_builder_column fusion-builder-column-4 fusion_builder_column_1_3 1_3 fusion-one-third\" style=\"--awb-bg-size:cover;width:33.333333333333%;width:calc(33.333333333333% - ( ( 4% + 4% ) * 0.33333333333333 ) );margin-right: 4%;\"><div class=\"fusion-column-wrapper fusion-column-has-shadow fusion-flex-column-wrapper-legacy\"><div class=\"fusion-text fusion-text-4\"><p><strong>MENU<\/strong><\/p>\n<\/div><div class=\"fusion-text fusion-text-5\"><p><span style=\"color: #333333;\"><a style=\"color: #333333;\" href=\"https:\/\/dbblaw.be\/fr\/valeurs\/\">VALEURS<\/a><\/span><br \/>\n<span style=\"color: #333333;\"><a style=\"color: #333333;\" href=\"https:\/\/dbblaw.be\/fr\/equipe\/\">\u00c9QUIPE<\/a><\/span><br \/>\n<span style=\"color: #333333;\"><a style=\"color: #333333;\" href=\"https:\/\/dbblaw.be\/fr\/domaines\/\">DOMAINES<\/a><\/span><br \/>\n<span style=\"color: #333333;\"><a style=\"color: #333333;\" href=\"https:\/\/dbblaw.be\/fr\/honoraires-et-frais\/\">HONORAIRES ET FRAIS<\/a><\/span><br \/>\n<span style=\"color: #333333;\"><a style=\"color: #333333;\" href=\"https:\/\/dbblaw.be\/fr\/informations-generales\/\">INFORMATIONS G\u00c9N\u00c9RALES<\/a><\/span><br \/>\n<span style=\"color: #333333;\"><a style=\"color: #333333;\" href=\"\/fr\/bureau\/\">BUREAU<\/a><\/span><\/p>\n<\/div><div class=\"fusion-clearfix\"><\/div><\/div><\/div><div class=\"fusion-layout-column fusion_builder_column fusion-builder-column-5 fusion_builder_column_1_3 1_3 fusion-one-third fusion-column-last\" style=\"--awb-bg-size:cover;width:33.333333333333%;width:calc(33.333333333333% - ( ( 4% + 4% ) * 0.33333333333333 ) );\"><div class=\"fusion-column-wrapper fusion-column-has-shadow fusion-flex-column-wrapper-legacy\"><div class=\"fusion-text fusion-text-6\"><p><strong>CONTACT<\/strong><\/p>\n<\/div><div class=\"fusion-builder-row fusion-builder-row-inner fusion-row\"><div class=\"fusion-layout-column fusion_builder_column_inner fusion-builder-nested-column-2 fusion_builder_column_inner_1_6 1_6 fusion-one-sixth fusion-column-first\" style=\"--awb-bg-size:cover;width:16.666666666667%;width:calc(16.666666666667% - ( ( 4% ) * 0.16666666666667 ) );margin-right: 4%;\"><div class=\"fusion-column-wrapper fusion-column-has-shadow fusion-flex-column-wrapper-legacy\"><i class=\"fb-icon-element-2 fb-icon-element fontawesome-icon fa-phone-volume fas circle-yes fusion-text-flow\" style=\"--awb-circlebordersize:1px;--awb-font-size:28.16px;--awb-width:56.32px;--awb-height:56.32px;--awb-line-height:54.32px;--awb-margin-right:16px;\"><\/i><div class=\"fusion-clearfix\"><\/div><\/div><\/div><div class=\"fusion-layout-column fusion_builder_column_inner fusion-builder-nested-column-3 fusion_builder_column_inner_5_6 5_6 fusion-five-sixth fusion-column-last\" style=\"--awb-bg-size:cover;width:83.333333333333%;width:calc(83.333333333333% - ( ( 4% ) * 0.83333333333333 ) );\"><div class=\"fusion-column-wrapper fusion-column-has-shadow fusion-flex-column-wrapper-legacy\"><div class=\"fusion-text fusion-text-7\"><p>+32 9 241 80 30<\/p>\n<\/div><div class=\"fusion-clearfix\"><\/div><\/div><\/div><\/div><div class=\"fusion-builder-row fusion-builder-row-inner fusion-row\"><div class=\"fusion-layout-column fusion_builder_column_inner fusion-builder-nested-column-4 fusion_builder_column_inner_1_6 1_6 fusion-one-sixth fusion-column-first\" style=\"--awb-bg-size:cover;width:16.666666666667%;width:calc(16.666666666667% - ( ( 4% ) * 0.16666666666667 ) );margin-right: 4%;\"><div class=\"fusion-column-wrapper fusion-column-has-shadow fusion-flex-column-wrapper-legacy\"><i class=\"fb-icon-element-3 fb-icon-element fontawesome-icon fa-envelope far circle-yes fusion-text-flow\" style=\"--awb-circlebordersize:1px;--awb-font-size:28.16px;--awb-width:56.32px;--awb-height:56.32px;--awb-line-height:54.32px;--awb-margin-right:16px;\"><\/i><div class=\"fusion-clearfix\"><\/div><\/div><\/div><div class=\"fusion-layout-column fusion_builder_column_inner fusion-builder-nested-column-5 fusion_builder_column_inner_5_6 5_6 fusion-five-sixth fusion-column-last\" style=\"--awb-bg-size:cover;width:83.333333333333%;width:calc(83.333333333333% - ( ( 4% ) * 0.83333333333333 ) );\"><div class=\"fusion-column-wrapper fusion-column-has-shadow fusion-flex-column-wrapper-legacy\"><div class=\"fusion-text fusion-text-8\"><p><span style=\"color: #333333;\"><a style=\"color: #333333;\" href=\"mailto:info@dbblaw.be\">info@dbblaw.be<\/a><\/span><\/p>\n<\/div><div class=\"fusion-clearfix\"><\/div><\/div><\/div><\/div><div class=\"fusion-builder-row fusion-builder-row-inner fusion-row\"><div class=\"fusion-layout-column fusion_builder_column_inner fusion-builder-nested-column-6 fusion_builder_column_inner_1_6 1_6 fusion-one-sixth fusion-column-first\" style=\"--awb-bg-size:cover;width:16.666666666667%;width:calc(16.666666666667% - ( ( 4% ) * 0.16666666666667 ) );margin-right: 4%;\"><div class=\"fusion-column-wrapper fusion-column-has-shadow fusion-flex-column-wrapper-legacy\"><i class=\"fb-icon-element-4 fb-icon-element fontawesome-icon fa-linkedin fab circle-yes fusion-text-flow\" style=\"--awb-circlebordersize:1px;--awb-font-size:28.16px;--awb-width:56.32px;--awb-height:56.32px;--awb-line-height:54.32px;--awb-margin-right:16px;\"><\/i><div class=\"fusion-clearfix\"><\/div><\/div><\/div><div class=\"fusion-layout-column fusion_builder_column_inner fusion-builder-nested-column-7 fusion_builder_column_inner_5_6 5_6 fusion-five-sixth fusion-column-last\" style=\"--awb-bg-size:cover;width:83.333333333333%;width:calc(83.333333333333% - ( ( 4% ) * 0.83333333333333 ) );\"><div class=\"fusion-column-wrapper fusion-column-has-shadow fusion-flex-column-wrapper-legacy\"><div class=\"fusion-text fusion-text-9\"><p><span style=\"color: #333333;\"><a style=\"color: #333333;\" href=\"https:\/\/www.linkedin.com\/company\/dbblaw\" target=\"_blank\" rel=\"noopener noreferrer\">Visitez notre page<\/a><\/span><\/p>\n<\/div><div class=\"fusion-clearfix\"><\/div><\/div><\/div><\/div><div class=\"fusion-clearfix\"><\/div><\/div><\/div><\/div><\/div>\n<\/p>\n","protected":false},"excerpt":{"rendered":"","protected":false},"author":8,"featured_media":0,"parent":0,"menu_order":0,"comment_status":"closed","ping_status":"open","template":"100-width.php","meta":{"footnotes":""},"class_list":["post-2854","page","type-page","status-publish","hentry"],"yoast_head":"<!-- This site is optimized with the Yoast SEO plugin v21.8 - https:\/\/yoast.com\/wordpress\/plugins\/seo\/ -->\n<title>Sandrine Doise - De Bock &amp; Baluw\u00e9<\/title>\n<meta name=\"robots\" content=\"index, follow, max-snippet:-1, max-image-preview:large, max-video-preview:-1\" \/>\n<link rel=\"canonical\" href=\"https:\/\/dbblaw.be\/fr\/sandrine-doise\/\" \/>\n<meta property=\"og:locale\" content=\"fr_FR\" \/>\n<meta property=\"og:type\" content=\"article\" \/>\n<meta property=\"og:title\" content=\"Sandrine Doise - De Bock &amp; Baluw\u00e9\" \/>\n<meta property=\"og:url\" content=\"https:\/\/dbblaw.be\/fr\/sandrine-doise\/\" \/>\n<meta property=\"og:site_name\" content=\"De Bock &amp; Baluw\u00e9\" \/>\n<meta property=\"article:modified_time\" content=\"2024-01-16T08:05:47+00:00\" \/>\n<meta name=\"twitter:card\" content=\"summary_large_image\" \/>\n<meta name=\"twitter:label1\" content=\"Dur\u00e9e de lecture estim\u00e9e\" \/>\n\t<meta name=\"twitter:data1\" content=\"3 minutes\" \/>\n<script type=\"application\/ld+json\" class=\"yoast-schema-graph\">{\"@context\":\"https:\/\/schema.org\",\"@graph\":[{\"@type\":\"WebPage\",\"@id\":\"https:\/\/dbblaw.be\/fr\/sandrine-doise\/\",\"url\":\"https:\/\/dbblaw.be\/fr\/sandrine-doise\/\",\"name\":\"Sandrine Doise - De Bock &amp; Baluw\u00e9\",\"isPartOf\":{\"@id\":\"https:\/\/dbblaw.be\/#website\"},\"datePublished\":\"2019-06-26T18:47:47+00:00\",\"dateModified\":\"2024-01-16T08:05:47+00:00\",\"breadcrumb\":{\"@id\":\"https:\/\/dbblaw.be\/fr\/sandrine-doise\/#breadcrumb\"},\"inLanguage\":\"fr-FR\",\"potentialAction\":[{\"@type\":\"ReadAction\",\"target\":[\"https:\/\/dbblaw.be\/fr\/sandrine-doise\/\"]}]},{\"@type\":\"BreadcrumbList\",\"@id\":\"https:\/\/dbblaw.be\/fr\/sandrine-doise\/#breadcrumb\",\"itemListElement\":[{\"@type\":\"ListItem\",\"position\":1,\"name\":\"Home\",\"item\":\"https:\/\/dbblaw.be\/fr\/\"},{\"@type\":\"ListItem\",\"position\":2,\"name\":\"Sandrine Doise\"}]},{\"@type\":\"WebSite\",\"@id\":\"https:\/\/dbblaw.be\/#website\",\"url\":\"https:\/\/dbblaw.be\/\",\"name\":\"De Bock &amp; Baluw\u00e9\",\"description\":\"Advocaten\",\"potentialAction\":[{\"@type\":\"SearchAction\",\"target\":{\"@type\":\"EntryPoint\",\"urlTemplate\":\"https:\/\/dbblaw.be\/?s={search_term_string}\"},\"query-input\":\"required name=search_term_string\"}],\"inLanguage\":\"fr-FR\"}]}<\/script>\n<!-- \/ Yoast SEO plugin. -->","yoast_head_json":{"title":"Sandrine Doise - De Bock &amp; Baluw\u00e9","robots":{"index":"index","follow":"follow","max-snippet":"max-snippet:-1","max-image-preview":"max-image-preview:large","max-video-preview":"max-video-preview:-1"},"canonical":"https:\/\/dbblaw.be\/fr\/sandrine-doise\/","og_locale":"fr_FR","og_type":"article","og_title":"Sandrine Doise - De Bock &amp; Baluw\u00e9","og_url":"https:\/\/dbblaw.be\/fr\/sandrine-doise\/","og_site_name":"De Bock &amp; Baluw\u00e9","article_modified_time":"2024-01-16T08:05:47+00:00","twitter_card":"summary_large_image","twitter_misc":{"Dur\u00e9e de lecture estim\u00e9e":"3 minutes"},"schema":{"@context":"https:\/\/schema.org","@graph":[{"@type":"WebPage","@id":"https:\/\/dbblaw.be\/fr\/sandrine-doise\/","url":"https:\/\/dbblaw.be\/fr\/sandrine-doise\/","name":"Sandrine Doise - De Bock &amp; Baluw\u00e9","isPartOf":{"@id":"https:\/\/dbblaw.be\/#website"},"datePublished":"2019-06-26T18:47:47+00:00","dateModified":"2024-01-16T08:05:47+00:00","breadcrumb":{"@id":"https:\/\/dbblaw.be\/fr\/sandrine-doise\/#breadcrumb"},"inLanguage":"fr-FR","potentialAction":[{"@type":"ReadAction","target":["https:\/\/dbblaw.be\/fr\/sandrine-doise\/"]}]},{"@type":"BreadcrumbList","@id":"https:\/\/dbblaw.be\/fr\/sandrine-doise\/#breadcrumb","itemListElement":[{"@type":"ListItem","position":1,"name":"Home","item":"https:\/\/dbblaw.be\/fr\/"},{"@type":"ListItem","position":2,"name":"Sandrine Doise"}]},{"@type":"WebSite","@id":"https:\/\/dbblaw.be\/#website","url":"https:\/\/dbblaw.be\/","name":"De Bock &amp; Baluw\u00e9","description":"Advocaten","potentialAction":[{"@type":"SearchAction","target":{"@type":"EntryPoint","urlTemplate":"https:\/\/dbblaw.be\/?s={search_term_string}"},"query-input":"required name=search_term_string"}],"inLanguage":"fr-FR"}]}},"_links":{"self":[{"href":"https:\/\/dbblaw.be\/fr\/wp-json\/wp\/v2\/pages\/2854","targetHints":{"allow":["GET"]}}],"collection":[{"href":"https:\/\/dbblaw.be\/fr\/wp-json\/wp\/v2\/pages"}],"about":[{"href":"https:\/\/dbblaw.be\/fr\/wp-json\/wp\/v2\/types\/page"}],"author":[{"embeddable":true,"href":"https:\/\/dbblaw.be\/fr\/wp-json\/wp\/v2\/users\/8"}],"replies":[{"embeddable":true,"href":"https:\/\/dbblaw.be\/fr\/wp-json\/wp\/v2\/comments?post=2854"}],"version-history":[{"count":7,"href":"https:\/\/dbblaw.be\/fr\/wp-json\/wp\/v2\/pages\/2854\/revisions"}],"predecessor-version":[{"id":3317,"href":"https:\/\/dbblaw.be\/fr\/wp-json\/wp\/v2\/pages\/2854\/revisions\/3317"}],"wp:attachment":[{"href":"https:\/\/dbblaw.be\/fr\/wp-json\/wp\/v2\/media?parent=2854"}],"curies":[{"name":"wp","href":"https:\/\/api.w.org\/{rel}","templated":true}]}}